{"id":29392,"date":"2023-06-19T10:18:36","date_gmt":"2023-06-19T08:18:36","guid":{"rendered":"https:\/\/wawido.ch\/?page_id=29392"},"modified":"2023-08-14T16:28:11","modified_gmt":"2023-08-14T14:28:11","slug":"actualites","status":"publish","type":"page","link":"https:\/\/wawido.com\/de\/actualites\/","title":{"rendered":"Neuigkeiten"},"content":{"rendered":"<div data-elementor-type=\"wp-page\" data-elementor-id=\"29392\" class=\"elementor elementor-29392\" data-elementor-post-type=\"page\">\n\t\t\t\t\t\t\t\t\t<section class=\"elementor-section elementor-top-section elementor-element elementor-element-6711bff0 elementor-section-boxed elementor-section-height-default elementor-section-height-default wpr-particle-no wpr-jarallax-no wpr-parallax-no wpr-sticky-section-no\" data-id=\"6711bff0\" data-element_type=\"section\">\n\t\t\t\t\t\t<div class=\"elementor-container elementor-column-gap-default\">\n\t\t\t\t\t<div class=\"elementor-column elementor-col-100 elementor-top-column elementor-element elementor-element-7d4cfd9f\" data-id=\"7d4cfd9f\" data-element_type=\"column\">\n\t\t\t<div class=\"elementor-widget-wrap elementor-element-populated\">\n\t\t\t\t\t\t\t\t<div class=\"elementor-element elementor-element-392ea91c elementor-widget elementor-widget-heading\" data-id=\"392ea91c\" data-element_type=\"widget\" data-widget_type=\"heading.default\">\n\t\t\t\t<div class=\"elementor-widget-container\">\n\t\t\t<style>\/*! elementor - v3.16.0 - 09-10-2023 *\/\n.elementor-heading-title{padding:0;margin:0;line-height:1}.elementor-widget-heading .elementor-heading-title[class*=elementor-size-]>a{color:inherit;font-size:inherit;line-height:inherit}.elementor-widget-heading .elementor-heading-title.elementor-size-small{font-size:15px}.elementor-widget-heading .elementor-heading-title.elementor-size-medium{font-size:19px}.elementor-widget-heading .elementor-heading-title.elementor-size-large{font-size:29px}.elementor-widget-heading .elementor-heading-title.elementor-size-xl{font-size:39px}.elementor-widget-heading .elementor-heading-title.elementor-size-xxl{font-size:59px}<\/style><h2 class=\"elementor-heading-title elementor-size-default\">UNSERE NACHRICHTEN<\/h2>\t\t<\/div>\n\t\t\t\t<\/div>\n\t\t\t\t\t<\/div>\n\t\t<\/div>\n\t\t\t\t\t\t\t<\/div>\n\t\t<\/section>\n\t\t\t\t<section class=\"elementor-section elementor-top-section elementor-element elementor-element-48a6a259 elementor-section-boxed elementor-section-height-default elementor-section-height-default wpr-particle-no wpr-jarallax-no wpr-parallax-no wpr-sticky-section-no\" data-id=\"48a6a259\" data-element_type=\"section\" data-settings=\"{&quot;background_background&quot;:&quot;classic&quot;}\">\n\t\t\t\t\t\t<div class=\"elementor-container elementor-column-gap-default\">\n\t\t\t\t\t<div class=\"elementor-column elementor-col-100 elementor-top-column elementor-element elementor-element-774e247a\" data-id=\"774e247a\" data-element_type=\"column\">\n\t\t\t<div class=\"elementor-widget-wrap elementor-element-populated\">\n\t\t\t\t\t\t\t\t<div class=\"elementor-element elementor-element-1cea7b28 wpr-grid-columns-3 wpr-grid-columns--tablet2 wpr-grid-columns--mobile1 wpr-item-styles-inner elementor-widget elementor-widget-wpr-grid\" data-id=\"1cea7b28\" data-element_type=\"widget\" data-widget_type=\"wpr-grid.default\">\n\t\t\t\t<div class=\"elementor-widget-container\">\n\t\t\t<ul class=\"wpr-grid-filters elementor-clearfix wpr-grid-filters-sep-right\"><li class=\"wpr-pointer-none wpr-pointer-line-fx wpr-pointer-fx-none\"><span data-filter=\"*\" class=\"wpr-active-filter\">All<\/span><em class=\"wpr-grid-filters-sep\"><\/em><\/li><li class=\"wpr-pointer-none wpr-pointer-line-fx wpr-pointer-fx-none\"><span  data-filter=\".category-non-classe-fr\">Non class\u00e9<\/span><em class=\"wpr-grid-filters-sep\"><\/em><\/li><li class=\"wpr-pointer-none wpr-pointer-line-fx wpr-pointer-fx-none\"><span  data-filter=\".category-uncategorized\">Uncategorized<\/span><em class=\"wpr-grid-filters-sep\"><\/em><\/li><\/ul><section class=\"wpr-grid elementor-clearfix\" data-settings=\"{&quot;layout&quot;:&quot;fitRows&quot;,&quot;stick_last_element_to_bottom&quot;:&quot;&quot;,&quot;columns_desktop&quot;:&quot;3&quot;,&quot;gutter_hr&quot;:10,&quot;gutter_hr_mobile&quot;:10,&quot;gutter_hr_mobile_extra&quot;:10,&quot;gutter_hr_tablet&quot;:10,&quot;gutter_hr_tablet_extra&quot;:10,&quot;gutter_hr_laptop&quot;:10,&quot;gutter_hr_widescreen&quot;:10,&quot;gutter_vr&quot;:10,&quot;gutter_vr_mobile&quot;:10,&quot;gutter_vr_mobile_extra&quot;:10,&quot;gutter_vr_tablet&quot;:10,&quot;gutter_vr_tablet_extra&quot;:10,&quot;gutter_vr_laptop&quot;:10,&quot;gutter_vr_widescreen&quot;:10,&quot;animation&quot;:&quot;default&quot;,&quot;animation_duration&quot;:0.4,&quot;animation_delay&quot;:0.2,&quot;deeplinking&quot;:&quot;&quot;,&quot;filters_linkable&quot;:&quot;no&quot;,&quot;filters_default_filter&quot;:&quot;&quot;,&quot;filters_count&quot;:&quot;&quot;,&quot;filters_hide_empty&quot;:&quot;yes&quot;,&quot;filters_animation&quot;:&quot;default&quot;,&quot;filters_animation_duration&quot;:0.4,&quot;filters_animation_delay&quot;:0.2,&quot;pagination_type&quot;:&quot;load-more&quot;,&quot;pagination_max_pages&quot;:1,&quot;lightbox&quot;:{&quot;selector&quot;:&quot;.wpr-grid-image-wrap&quot;,&quot;iframeMaxWidth&quot;:&quot;60%&quot;,&quot;hash&quot;:false,&quot;autoplay&quot;:&quot;true&quot;,&quot;pause&quot;:5000,&quot;progressBar&quot;:&quot;true&quot;,&quot;counter&quot;:&quot;true&quot;,&quot;controls&quot;:&quot;true&quot;,&quot;getCaptionFromTitleOrAlt&quot;:&quot;true&quot;,&quot;thumbnail&quot;:&quot;&quot;,&quot;showThumbByDefault&quot;:&quot;&quot;,&quot;share&quot;:&quot;&quot;,&quot;zoom&quot;:&quot;true&quot;,&quot;fullScreen&quot;:&quot;true&quot;,&quot;download&quot;:&quot;true&quot;}}\"><article class=\"wpr-grid-item elementor-clearfix post-30790 post type-post status-publish format-standard has-post-thumbnail hentry category-non-classe-fr\"><div class=\"wpr-grid-item-inner\"><div class=\"wpr-grid-media-wrap wpr-effect-size-medium\" data-overlay-link=\"yes\"><div class=\"wpr-grid-image-wrap\" data-src=\"https:\/\/wawido.com\/wp-content\/uploads\/2024\/08\/wawido-front_right-pouring-2K-scaled.jpg\" data-img-on-hover=\"\"  data-src-secondary=\"\"><img decoding=\"async\" data-no-lazy=\"1\" src=\"https:\/\/wawido.com\/wp-content\/uploads\/2024\/08\/wawido-front_right-pouring-2K-scaled.jpg\" alt=\"Lancement officiel du Wawido\" class=\"wpr-anim-timing-ease-default\"><\/div><div class=\"wpr-grid-media-hover wpr-animation-wrap\"><div class=\"wpr-grid-media-hover-bg  wpr-overlay-fade-in wpr-anim-size-large wpr-anim-timing-ease-default wpr-anim-transparency\" data-url=\"https:\/\/wawido.com\/de\/lancement-officiel-du-wawido\/\"><\/div><\/div><\/div><div class=\"wpr-grid-item-below-content elementor-clearfix\"><h1 class=\"wpr-grid-item-title elementor-repeater-item-04b0433 wpr-grid-item-display-block wpr-grid-item-align-center wpr-pointer-none wpr-pointer-line-fx wpr-pointer-fx-fade\"><div class=\"inner-block\"><a target=\"_self\"  href=\"https:\/\/wawido.com\/de\/lancement-officiel-du-wawido\/\">Lancement officiel du Wawido<\/a><\/div><\/h1><div class=\"wpr-grid-item-date elementor-repeater-item-16bd3b0 wpr-grid-item-display-block wpr-grid-item-align-center\"><div class=\"inner-block\"><span>August 20, 2024<\/span><\/div><\/div><div class=\"wpr-grid-item-excerpt elementor-repeater-item-5241605 wpr-grid-item-display-block wpr-grid-item-align-center\"><div class=\"inner-block\"><p>Aujourd&rsquo;hui marque une nouvelle \u00e9tape dans l&rsquo;am\u00e9lioration du service du vin avec&nbsp;le lancement de ce doseur innovant&nbsp;par Wawido S\u00e0rl, bas\u00e9e \u00e0 Fully. Le&hellip;<\/p><\/div><\/div><div class=\"wpr-grid-item-read-more elementor-repeater-item-dc1027d wpr-grid-item-display-custom wpr-grid-item-align-center\"><div class=\"inner-block\"><a target=\"_self\" href=\"https:\/\/wawido.com\/de\/lancement-officiel-du-wawido\/\" class=\"wpr-button-effect wpr-button-none\"><span class=\"wpr-grid-extra-icon-left\"><i aria-hidden=\"true\" class=\"fas fa-external-link-alt\"><\/i><\/span><span>LIRE LA SUITE<\/span><\/a><\/div><\/div><\/div><\/div><\/article><article class=\"wpr-grid-item elementor-clearfix post-30669 post type-post status-publish format-standard has-post-thumbnail hentry category-non-classe-fr\"><div class=\"wpr-grid-item-inner\"><div class=\"wpr-grid-media-wrap wpr-effect-size-medium\" data-overlay-link=\"yes\"><div class=\"wpr-grid-image-wrap\" data-src=\"https:\/\/wawido.com\/wp-content\/uploads\/2024\/04\/431198485_390375913748023_3286237519218716917_n.jpg\" data-img-on-hover=\"\"  data-src-secondary=\"\"><img decoding=\"async\" data-no-lazy=\"1\" src=\"https:\/\/wawido.com\/wp-content\/uploads\/2024\/04\/431198485_390375913748023_3286237519218716917_n.jpg\" alt=\"Rencontrez Wawido \u00e0 ProWein D\u00fcsseldorf !\" class=\"wpr-anim-timing-ease-default\"><\/div><div class=\"wpr-grid-media-hover wpr-animation-wrap\"><div class=\"wpr-grid-media-hover-bg  wpr-overlay-fade-in wpr-anim-size-large wpr-anim-timing-ease-default wpr-anim-transparency\" data-url=\"https:\/\/wawido.com\/de\/rencontrez-wawido-a-prowein-dusseldorf\/\"><\/div><\/div><\/div><div class=\"wpr-grid-item-below-content elementor-clearfix\"><h1 class=\"wpr-grid-item-title elementor-repeater-item-04b0433 wpr-grid-item-display-block wpr-grid-item-align-center wpr-pointer-none wpr-pointer-line-fx wpr-pointer-fx-fade\"><div class=\"inner-block\"><a target=\"_self\"  href=\"https:\/\/wawido.com\/de\/rencontrez-wawido-a-prowein-dusseldorf\/\">Rencontrez Wawido \u00e0 ProWein D\u00fcsseldorf !<\/a><\/div><\/h1><div class=\"wpr-grid-item-date elementor-repeater-item-16bd3b0 wpr-grid-item-display-block wpr-grid-item-align-center\"><div class=\"inner-block\"><span>M\u00e4rz 10, 2024<\/span><\/div><\/div><div class=\"wpr-grid-item-excerpt elementor-repeater-item-5241605 wpr-grid-item-display-block wpr-grid-item-align-center\"><div class=\"inner-block\"><p>Venez d\u00e9couvrir le doseur Wawido sur le stand de Swiss Wine, Halle 4, Stand C20 lors du salon ProWein \u00e0 D\u00fcsseldorf !Le produit&hellip;<\/p><\/div><\/div><div class=\"wpr-grid-item-read-more elementor-repeater-item-dc1027d wpr-grid-item-display-custom wpr-grid-item-align-center\"><div class=\"inner-block\"><a target=\"_self\" href=\"https:\/\/wawido.com\/de\/rencontrez-wawido-a-prowein-dusseldorf\/\" class=\"wpr-button-effect wpr-button-none\"><span class=\"wpr-grid-extra-icon-left\"><i aria-hidden=\"true\" class=\"fas fa-external-link-alt\"><\/i><\/span><span>LIRE LA SUITE<\/span><\/a><\/div><\/div><\/div><\/div><\/article><article class=\"wpr-grid-item elementor-clearfix post-30663 post type-post status-publish format-standard has-post-thumbnail hentry category-non-classe-fr\"><div class=\"wpr-grid-item-inner\"><div class=\"wpr-grid-media-wrap wpr-effect-size-medium\" data-overlay-link=\"yes\"><div class=\"wpr-grid-image-wrap\" data-src=\"https:\/\/wawido.com\/wp-content\/uploads\/2024\/04\/412879753_345941988191416_3741084497328511964_n.jpg\" data-img-on-hover=\"\"  data-src-secondary=\"\"><img decoding=\"async\" data-no-lazy=\"1\" src=\"https:\/\/wawido.com\/wp-content\/uploads\/2024\/04\/412879753_345941988191416_3741084497328511964_n.jpg\" alt=\"Joyeuses F\u00eates de la part de Wawido !\" class=\"wpr-anim-timing-ease-default\"><\/div><div class=\"wpr-grid-media-hover wpr-animation-wrap\"><div class=\"wpr-grid-media-hover-bg  wpr-overlay-fade-in wpr-anim-size-large wpr-anim-timing-ease-default wpr-anim-transparency\" data-url=\"https:\/\/wawido.com\/de\/joyeuses-fetes-de-la-part-de-wawido\/\"><\/div><\/div><\/div><div class=\"wpr-grid-item-below-content elementor-clearfix\"><h1 class=\"wpr-grid-item-title elementor-repeater-item-04b0433 wpr-grid-item-display-block wpr-grid-item-align-center wpr-pointer-none wpr-pointer-line-fx wpr-pointer-fx-fade\"><div class=\"inner-block\"><a target=\"_self\"  href=\"https:\/\/wawido.com\/de\/joyeuses-fetes-de-la-part-de-wawido\/\">Joyeuses F\u00eates de la part de Wawido !<\/a><\/div><\/h1><div class=\"wpr-grid-item-date elementor-repeater-item-16bd3b0 wpr-grid-item-display-block wpr-grid-item-align-center\"><div class=\"inner-block\"><span>Dezember 23, 2023<\/span><\/div><\/div><div class=\"wpr-grid-item-excerpt elementor-repeater-item-5241605 wpr-grid-item-display-block wpr-grid-item-align-center\"><div class=\"inner-block\"><p>Joyeuses f\u00eates ! L&rsquo;\u00e9quipe Wawido vous souhaite des festivit\u00e9s p\u00e9tillantes, des rires contagieux et une ann\u00e9e \u00e0 venir pleine de succ\u00e8s et d\u2019innovations&hellip;<\/p><\/div><\/div><div class=\"wpr-grid-item-read-more elementor-repeater-item-dc1027d wpr-grid-item-display-custom wpr-grid-item-align-center\"><div class=\"inner-block\"><a target=\"_self\" href=\"https:\/\/wawido.com\/de\/joyeuses-fetes-de-la-part-de-wawido\/\" class=\"wpr-button-effect wpr-button-none\"><span class=\"wpr-grid-extra-icon-left\"><i aria-hidden=\"true\" class=\"fas fa-external-link-alt\"><\/i><\/span><span>LIRE LA SUITE<\/span><\/a><\/div><\/div><\/div><\/div><\/article><article class=\"wpr-grid-item elementor-clearfix post-30672 post type-post status-publish format-standard has-post-thumbnail hentry category-non-classe-fr\"><div class=\"wpr-grid-item-inner\"><div class=\"wpr-grid-media-wrap wpr-effect-size-medium\" data-overlay-link=\"yes\"><div class=\"wpr-grid-image-wrap\" data-src=\"https:\/\/wawido.com\/wp-content\/uploads\/2024\/04\/1701442820934.jpg\" data-img-on-hover=\"\"  data-src-secondary=\"\"><img decoding=\"async\" data-no-lazy=\"1\" src=\"https:\/\/wawido.com\/wp-content\/uploads\/2024\/04\/1701442820934.jpg\" alt=\"D\u00e9couvrez Wawido \u00e0 Bruxelles avec Jean-Marc Quarin et Fabrice Leger!\" class=\"wpr-anim-timing-ease-default\"><\/div><div class=\"wpr-grid-media-hover wpr-animation-wrap\"><div class=\"wpr-grid-media-hover-bg  wpr-overlay-fade-in wpr-anim-size-large wpr-anim-timing-ease-default wpr-anim-transparency\" data-url=\"https:\/\/wawido.com\/de\/decouvrez-wawido-a-bruxelles-avec-jean-marc-quarin-et-fabrice-leger\/\"><\/div><\/div><\/div><div class=\"wpr-grid-item-below-content elementor-clearfix\"><h1 class=\"wpr-grid-item-title elementor-repeater-item-04b0433 wpr-grid-item-display-block wpr-grid-item-align-center wpr-pointer-none wpr-pointer-line-fx wpr-pointer-fx-fade\"><div class=\"inner-block\"><a target=\"_self\"  href=\"https:\/\/wawido.com\/de\/decouvrez-wawido-a-bruxelles-avec-jean-marc-quarin-et-fabrice-leger\/\">D\u00e9couvrez Wawido \u00e0 Bruxelles avec Jean-Marc Quarin et Fabrice Leger!<\/a><\/div><\/h1><div class=\"wpr-grid-item-date elementor-repeater-item-16bd3b0 wpr-grid-item-display-block wpr-grid-item-align-center\"><div class=\"inner-block\"><span>Dezember 1, 2023<\/span><\/div><\/div><div class=\"wpr-grid-item-excerpt elementor-repeater-item-5241605 wpr-grid-item-display-block wpr-grid-item-align-center\"><div class=\"inner-block\"><p>Wawido est pr\u00e9sent en Ville de Bruxelles &#8211; Stad Brussel \u00e0 THE WILTCHER&rsquo;S | A Steigenberger Icon Hotel aux rencontres Jean-Marc Quarin avec&hellip;<\/p><\/div><\/div><div class=\"wpr-grid-item-read-more elementor-repeater-item-dc1027d wpr-grid-item-display-custom wpr-grid-item-align-center\"><div class=\"inner-block\"><a target=\"_self\" href=\"https:\/\/wawido.com\/de\/decouvrez-wawido-a-bruxelles-avec-jean-marc-quarin-et-fabrice-leger\/\" class=\"wpr-button-effect wpr-button-none\"><span class=\"wpr-grid-extra-icon-left\"><i aria-hidden=\"true\" class=\"fas fa-external-link-alt\"><\/i><\/span><span>LIRE LA SUITE<\/span><\/a><\/div><\/div><\/div><\/div><\/article><article class=\"wpr-grid-item elementor-clearfix post-30655 post type-post status-publish format-standard has-post-thumbnail hentry category-non-classe-fr\"><div class=\"wpr-grid-item-inner\"><div class=\"wpr-grid-media-wrap wpr-effect-size-medium\" data-overlay-link=\"yes\"><div class=\"wpr-grid-image-wrap\" data-src=\"https:\/\/wawido.com\/wp-content\/uploads\/2024\/04\/wawido-paris.jpg\" data-img-on-hover=\"\"  data-src-secondary=\"\"><img decoding=\"async\" data-no-lazy=\"1\" src=\"https:\/\/wawido.com\/wp-content\/uploads\/2024\/04\/wawido-paris.jpg\" alt=\"Wawido au Pavillon Ledoyen pour le Salon des Outsiders \u00e0 Paris\" class=\"wpr-anim-timing-ease-default\"><\/div><div class=\"wpr-grid-media-hover wpr-animation-wrap\"><div class=\"wpr-grid-media-hover-bg  wpr-overlay-fade-in wpr-anim-size-large wpr-anim-timing-ease-default wpr-anim-transparency\" data-url=\"https:\/\/wawido.com\/de\/wawido-au-pavillon-ledoyen-pour-le-salon-des-outsiders-a-paris\/\"><\/div><\/div><\/div><div class=\"wpr-grid-item-below-content elementor-clearfix\"><h1 class=\"wpr-grid-item-title elementor-repeater-item-04b0433 wpr-grid-item-display-block wpr-grid-item-align-center wpr-pointer-none wpr-pointer-line-fx wpr-pointer-fx-fade\"><div class=\"inner-block\"><a target=\"_self\"  href=\"https:\/\/wawido.com\/de\/wawido-au-pavillon-ledoyen-pour-le-salon-des-outsiders-a-paris\/\">Wawido au Pavillon Ledoyen pour le Salon des Outsiders \u00e0 Paris<\/a><\/div><\/h1><div class=\"wpr-grid-item-date elementor-repeater-item-16bd3b0 wpr-grid-item-display-block wpr-grid-item-align-center\"><div class=\"inner-block\"><span>November 17, 2023<\/span><\/div><\/div><div class=\"wpr-grid-item-excerpt elementor-repeater-item-5241605 wpr-grid-item-display-block wpr-grid-item-align-center\"><div class=\"inner-block\"><p>Wawido est pr\u00e9sent en\u00a0Ville de Paris\u00a0au\u00a0Pavillon Ledoyen\u00a0pour le\u00a0Le Salon des Outsiders\u00a0avec\u00a0Jean-Marc Quarin\u00a0et Fabrice Leger !Venez d\u00e9couvrir la version d\u00e9finitive du doseur \u00e9lectronique Wawido&hellip;<\/p><\/div><\/div><div class=\"wpr-grid-item-read-more elementor-repeater-item-dc1027d wpr-grid-item-display-custom wpr-grid-item-align-center\"><div class=\"inner-block\"><a target=\"_self\" href=\"https:\/\/wawido.com\/de\/wawido-au-pavillon-ledoyen-pour-le-salon-des-outsiders-a-paris\/\" class=\"wpr-button-effect wpr-button-none\"><span class=\"wpr-grid-extra-icon-left\"><i aria-hidden=\"true\" class=\"fas fa-external-link-alt\"><\/i><\/span><span>LIRE LA SUITE<\/span><\/a><\/div><\/div><\/div><\/div><\/article><article class=\"wpr-grid-item elementor-clearfix post-28886 post type-post status-publish format-standard has-post-thumbnail hentry category-uncategorized\"><div class=\"wpr-grid-item-inner\"><div class=\"wpr-grid-media-wrap wpr-effect-size-medium\" data-overlay-link=\"yes\"><div class=\"wpr-grid-image-wrap\" data-src=\"https:\/\/wawido.com\/wp-content\/uploads\/2023\/03\/Wawido-Prowein-2023-e1697029745925.jpg\" data-img-on-hover=\"\"  data-src-secondary=\"\"><img decoding=\"async\" data-no-lazy=\"1\" src=\"https:\/\/wawido.com\/wp-content\/uploads\/2023\/03\/Wawido-Prowein-2023-e1697029745925.jpg\" alt=\"Le doseur wawido au Prowein 2023 \u00e0 Dusseldorf\" class=\"wpr-anim-timing-ease-default\"><\/div><div class=\"wpr-grid-media-hover wpr-animation-wrap\"><div class=\"wpr-grid-media-hover-bg  wpr-overlay-fade-in wpr-anim-size-large wpr-anim-timing-ease-default wpr-anim-transparency\" data-url=\"https:\/\/wawido.com\/de\/prowein-2023-a-dusseldorf\/\"><\/div><\/div><\/div><div class=\"wpr-grid-item-below-content elementor-clearfix\"><h1 class=\"wpr-grid-item-title elementor-repeater-item-04b0433 wpr-grid-item-display-block wpr-grid-item-align-center wpr-pointer-none wpr-pointer-line-fx wpr-pointer-fx-fade\"><div class=\"inner-block\"><a target=\"_self\"  href=\"https:\/\/wawido.com\/de\/prowein-2023-a-dusseldorf\/\">Le doseur wawido au Prowein 2023 \u00e0 Dusseldorf<\/a><\/div><\/h1><div class=\"wpr-grid-item-date elementor-repeater-item-16bd3b0 wpr-grid-item-display-block wpr-grid-item-align-center\"><div class=\"inner-block\"><span>M\u00e4rz 20, 2023<\/span><\/div><\/div><div class=\"wpr-grid-item-excerpt elementor-repeater-item-5241605 wpr-grid-item-display-block wpr-grid-item-align-center\"><div class=\"inner-block\"><p>Nous sommes pr\u00e9sents \u00e0&nbsp;Prowein&nbsp;pour pr\u00e9senter la version d\u00e9finitive du WawidoRendez-nous visite au stand No E06 dans la halle 4 pour une d\u00e9monstration de&hellip;<\/p><\/div><\/div><div class=\"wpr-grid-item-read-more elementor-repeater-item-dc1027d wpr-grid-item-display-custom wpr-grid-item-align-center\"><div class=\"inner-block\"><a target=\"_self\" href=\"https:\/\/wawido.com\/de\/prowein-2023-a-dusseldorf\/\" class=\"wpr-button-effect wpr-button-none\"><span class=\"wpr-grid-extra-icon-left\"><i aria-hidden=\"true\" class=\"fas fa-external-link-alt\"><\/i><\/span><span>LIRE LA SUITE<\/span><\/a><\/div><\/div><\/div><\/div><\/article><article class=\"wpr-grid-item elementor-clearfix post-28881 post type-post status-publish format-standard has-post-thumbnail hentry category-uncategorized\"><div class=\"wpr-grid-item-inner\"><div class=\"wpr-grid-media-wrap wpr-effect-size-medium\" data-overlay-link=\"yes\"><div class=\"wpr-grid-image-wrap\" data-src=\"https:\/\/wawido.com\/wp-content\/uploads\/2022\/04\/ImageWawidoVideo-e1697029634616.png\" data-img-on-hover=\"\"  data-src-secondary=\"\"><img decoding=\"async\" data-no-lazy=\"1\" src=\"https:\/\/wawido.com\/wp-content\/uploads\/2022\/04\/ImageWawidoVideo-e1697029634616.png\" alt=\"D\u00e9monstration du nouveau doseur Wawido en vid\u00e9o\" class=\"wpr-anim-timing-ease-default\"><\/div><div class=\"wpr-grid-media-hover wpr-animation-wrap\"><div class=\"wpr-grid-media-hover-bg  wpr-overlay-fade-in wpr-anim-size-large wpr-anim-timing-ease-default wpr-anim-transparency\" data-url=\"https:\/\/wawido.com\/de\/demonstration-du-doseur-wawido\/\"><\/div><\/div><\/div><div class=\"wpr-grid-item-below-content elementor-clearfix\"><h1 class=\"wpr-grid-item-title elementor-repeater-item-04b0433 wpr-grid-item-display-block wpr-grid-item-align-center wpr-pointer-none wpr-pointer-line-fx wpr-pointer-fx-fade\"><div class=\"inner-block\"><a target=\"_self\"  href=\"https:\/\/wawido.com\/de\/demonstration-du-doseur-wawido\/\">D\u00e9monstration du nouveau doseur Wawido en vid\u00e9o<\/a><\/div><\/h1><div class=\"wpr-grid-item-date elementor-repeater-item-16bd3b0 wpr-grid-item-display-block wpr-grid-item-align-center\"><div class=\"inner-block\"><span>April 6, 2022<\/span><\/div><\/div><div class=\"wpr-grid-item-excerpt elementor-repeater-item-5241605 wpr-grid-item-display-block wpr-grid-item-align-center\"><div class=\"inner-block\"><p>Le doseur \u00e0 vin Wawido est bien plus qu&rsquo;un simple accessoire. Il a \u00e9t\u00e9 con\u00e7u avec passion et ing\u00e9niosit\u00e9 pour sublimer chaque goutte&hellip;<\/p><\/div><\/div><div class=\"wpr-grid-item-read-more elementor-repeater-item-dc1027d wpr-grid-item-display-custom wpr-grid-item-align-center\"><div class=\"inner-block\"><a target=\"_self\" href=\"https:\/\/wawido.com\/de\/demonstration-du-doseur-wawido\/\" class=\"wpr-button-effect wpr-button-none\"><span class=\"wpr-grid-extra-icon-left\"><i aria-hidden=\"true\" class=\"fas fa-external-link-alt\"><\/i><\/span><span>LIRE LA SUITE<\/span><\/a><\/div><\/div><\/div><\/div><\/article><article class=\"wpr-grid-item elementor-clearfix post-28878 post type-post status-publish format-standard has-post-thumbnail hentry category-uncategorized\"><div class=\"wpr-grid-item-inner\"><div class=\"wpr-grid-media-wrap wpr-effect-size-medium\" data-overlay-link=\"yes\"><div class=\"wpr-grid-image-wrap\" data-src=\"https:\/\/wawido.com\/wp-content\/uploads\/2022\/04\/IMG_7795-scaled-e1697029690970.jpg\" data-img-on-hover=\"\"  data-src-secondary=\"\"><img decoding=\"async\" data-no-lazy=\"1\" src=\"https:\/\/wawido.com\/wp-content\/uploads\/2022\/04\/IMG_7795-scaled-e1697029690970.jpg\" alt=\"D\u00e9couvrez le doseur Wawido \u00e0 Agrovina\" class=\"wpr-anim-timing-ease-default\"><\/div><div class=\"wpr-grid-media-hover wpr-animation-wrap\"><div class=\"wpr-grid-media-hover-bg  wpr-overlay-fade-in wpr-anim-size-large wpr-anim-timing-ease-default wpr-anim-transparency\" data-url=\"https:\/\/wawido.com\/de\/decouvrez-le-doseur-wawido-a-agrovina\/\"><\/div><\/div><\/div><div class=\"wpr-grid-item-below-content elementor-clearfix\"><h1 class=\"wpr-grid-item-title elementor-repeater-item-04b0433 wpr-grid-item-display-block wpr-grid-item-align-center wpr-pointer-none wpr-pointer-line-fx wpr-pointer-fx-fade\"><div class=\"inner-block\"><a target=\"_self\"  href=\"https:\/\/wawido.com\/de\/decouvrez-le-doseur-wawido-a-agrovina\/\">D\u00e9couvrez le doseur Wawido \u00e0 Agrovina<\/a><\/div><\/h1><div class=\"wpr-grid-item-date elementor-repeater-item-16bd3b0 wpr-grid-item-display-block wpr-grid-item-align-center\"><div class=\"inner-block\"><span>April 5, 2022<\/span><\/div><\/div><div class=\"wpr-grid-item-excerpt elementor-repeater-item-5241605 wpr-grid-item-display-block wpr-grid-item-align-center\"><div class=\"inner-block\"><p>Nous sommes pr\u00e9sent au salon Agrovina sur le stand 1705.2. Vous pourrez assister \u00e0 une d\u00e9monstration du nouveau doseur Wawido !<\/p><\/div><\/div><div class=\"wpr-grid-item-read-more elementor-repeater-item-dc1027d wpr-grid-item-display-custom wpr-grid-item-align-center\"><div class=\"inner-block\"><a target=\"_self\" href=\"https:\/\/wawido.com\/de\/decouvrez-le-doseur-wawido-a-agrovina\/\" class=\"wpr-button-effect wpr-button-none\"><span class=\"wpr-grid-extra-icon-left\"><i aria-hidden=\"true\" class=\"fas fa-external-link-alt\"><\/i><\/span><span>LIRE LA SUITE<\/span><\/a><\/div><\/div><\/div><\/div><\/article><\/section>\t\t<\/div>\n\t\t\t\t<\/div>\n\t\t\t\t\t<\/div>\n\t\t<\/div>\n\t\t\t\t\t\t\t<\/div>\n\t\t<\/section>\n\t\t\t\t\t\t\t<\/div>","protected":false},"excerpt":{"rendered":"<p>NOTRE ACTUALIT\u00c9 All Uncategorized Le doseur wawido au Prowein 2023 \u00e0 Dusseldorf mars 20, 2023 Nous sommes pr\u00e9sents \u00e0\u00a0Prowein\u00a0pour pr\u00e9senter la version d\u00e9finitive du WawidoRendez-nous visite au stand No E06 dans la halle 4 pour une d\u00e9monstration de\u2026 LIRE LA SUITE D\u00e9monstration du nouveau doseur Wawido en vid\u00e9o avril 6, 2022 Le doseur \u00e0 vin&hellip;&nbsp;<a href=\"https:\/\/wawido.com\/de\/decouvrez-le-doseur-wawido-a-agrovina\/\" class=\"\" rel=\"bookmark\">Weiterlesen &raquo;<span class=\"screen-reader-text\">D\u00e9couvrez le doseur Wawido \u00e0 Agrovina<\/span><\/a><\/p>","protected":false},"author":1,"featured_media":0,"parent":0,"menu_order":0,"comment_status":"closed","ping_status":"closed","template":"page-templates\/template-pagebuilder-full-width.php","meta":{"neve_meta_sidebar":"","neve_meta_container":"","neve_meta_enable_content_width":"","neve_meta_content_width":0,"neve_meta_title_alignment":"","neve_meta_author_avatar":"","neve_post_elements_order":"","neve_meta_disable_header":"","neve_meta_disable_footer":"","neve_meta_disable_title":"","footnotes":""},"acf":[],"_links":{"self":[{"href":"https:\/\/wawido.com\/de\/wp-json\/wp\/v2\/pages\/29392"}],"collection":[{"href":"https:\/\/wawido.com\/de\/wp-json\/wp\/v2\/pages"}],"about":[{"href":"https:\/\/wawido.com\/de\/wp-json\/wp\/v2\/types\/page"}],"author":[{"embeddable":true,"href":"https:\/\/wawido.com\/de\/wp-json\/wp\/v2\/users\/1"}],"replies":[{"embeddable":true,"href":"https:\/\/wawido.com\/de\/wp-json\/wp\/v2\/comments?post=29392"}],"version-history":[{"count":31,"href":"https:\/\/wawido.com\/de\/wp-json\/wp\/v2\/pages\/29392\/revisions"}],"predecessor-version":[{"id":30250,"href":"https:\/\/wawido.com\/de\/wp-json\/wp\/v2\/pages\/29392\/revisions\/30250"}],"wp:attachment":[{"href":"https:\/\/wawido.com\/de\/wp-json\/wp\/v2\/media?parent=29392"}],"curies":[{"name":"wp","href":"https:\/\/api.w.org\/{rel}","templated":true}]}}